{"id":3966,"date":"2018-05-04T09:08:39","date_gmt":"2018-05-04T09:08:39","guid":{"rendered":"http:\/\/koyil.org\/?page_id=3966"},"modified":"2018-05-04T09:08:39","modified_gmt":"2018-05-04T09:08:39","slug":"transliteration-pronunciation-guide","status":"publish","type":"page","link":"https:\/\/koyil.org\/index.php\/transliteration-pronunciation-guide\/","title":{"rendered":"Transliteration\/Pronunciation Guide"},"content":{"rendered":"<p style=\"text-align: center;\"><small>\u015ar\u012b\u1e25 \u015ar\u012bmath\u0113 \u015batak\u014dp\u0101ya nama\u1e25 \u015ar\u012bmath\u0113 r\u0101m\u0101nuj\u0101ya nama\u1e25 \u015ar\u012bmath varavaramunay\u0113 nama\u1e25 \u015ar\u012b v\u0101n\u0101chala mah\u0101munay\u0113 nama\u1e25<\/small><\/p>\n<div id=\"sdfootnote1\">\n<h2>How we <span lang=\"en-US\">write<\/span> down Sanskrit words<\/h2>\n<p lang=\"en-US\" align=\"justify\">Is is probably well known that the script that is traditionally used to write down Sanskrit (called Devanagari) has nearly twice as many letters than the Roman alphabet used to write European languages. To transliterate Sanskrit into the Roman alphabet, numerous systems have been introduced. In Indian studies, it is quite common to transliterate according to IAST (International Alphabet of Sanskrit Transliteration) and many groups (best known probably ISKCON, in our tradition the Sri Matham from Australia) are following this. This standard is employing so called diacritical marks, dots and bars over \/ under letters to signal that this letter, while sounding roughly similar to the \u201cplain\u201d Roman equivalent, has to be pronounced in a slightly a different way.<\/p>\n<p align=\"justify\"><span lang=\"en-US\"> However, the<\/span><span lang=\"en-US\">se diacritical marks are bothersome to <\/span><span lang=\"en-US\">type<\/span><span lang=\"en-US\"> on <\/span><span lang=\"en-US\">most<\/span><span lang=\"en-US\"> devices and were for some time not reliably displayed when embedded in websites. So the vast majority of devotees and teachers in India does not use these marks but the so called Harvard-Kyoto Convention <\/span><span lang=\"en-US\">(or an individual variant of it, there is no factual common standard). <\/span><span lang=\"en-US\">Here,<\/span><span lang=\"en-US\"> capital letters and \/ <\/span><span lang=\"en-US\">or <\/span><span lang=\"en-US\"> repetitions are used instead of marks on the letters. Example: one of the most important names of <\/span><span lang=\"en-US\">G<\/span><span lang=\"en-US\">od in our tradition is N\u0101r\u0101ya\u1e47a (<\/span><span lang=\"hi-IN\">\u0928\u093e\u0930\u093e\u092f\u0923<\/span>)<span lang=\"en-US\">. The \u201c\u0101\u201d means that this a should be <\/span><span lang=\"en-US\">pronounced<\/span><span lang=\"en-US\"> twice <\/span><span lang=\"en-US\">as long as <\/span><span lang=\"en-US\">the length as a normal letter a in English. The \u201c\u1e47\u201d means that the n should be spelled retroflex, meaning that the tongue sho<\/span><span lang=\"en-US\">uld be flexed backwards when <\/span><span lang=\"en-US\">pronouncing<\/span><span lang=\"en-US\"> the letter. <\/span><span lang=\"en-US\">This gives it more emphasis <\/span><span lang=\"en-US\">and <\/span><span lang=\"en-US\">a different sound <\/span><span lang=\"en-US\">compared to a normal English \u201cn\u201d.<\/span><span lang=\"en-US\"> Now, at <\/span><span lang=\"en-US\">books and articles from <\/span><span lang=\"en-US\">koyil.org, you will usually see <\/span><span lang=\"hi-IN\">\u0928\u093e\u0930\u093e\u092f\u0923 <\/span><span lang=\"en-US\">transliterated<\/span><span lang=\"en-US\"> as nArAyaNa. <\/span><span lang=\"en-US\">Here, the long \u201ca\u201d is indicated by \u201cA\u201d since no long \u201cn\u201d exist<\/span><span lang=\"en-US\">s<\/span><span lang=\"en-US\"> in Sanskrit but an emphasized \u201cn\u201d is pretty common \u2013 th<\/span><span lang=\"en-US\">e<\/span> <span lang=\"en-US\">emphasized \u201c<\/span><span lang=\"en-US\">n\u201d is indicated by \u201cN\u201d.<\/span><\/p>\n<p align=\"justify\">As <a href=\"https:\/\/koyil.org\">koyil.org<\/a> has grown organically with contributions of many authors, we are using both a variant of Harvard-Kyoto and Diacritical &#8211; essentially depending on the preferences of the author and the target audience. Below is a reference table, where we given the Sanskrit letter, the diacritical and variants of the Harvard-Kyoto transliteration.<\/p>\n<p align=\"justify\">Note that the table does not cover the transliteration of Tamil. Tamil shares many sounds with Sanskrit, in particular many vowels, but there are numerous intricacies in the Tamil alphabet that make the transliteration less straightforward. For example, a number letters change their sound depending on their environment, something that does only happen for two very specific letters in Sanskrit. Furthermore, Tamil has letters that are neither present in the Sanskrit nor in the Roman alphabet, most well known is probably the special &#8220;l&#8221; sound that occurs for example in the word Tamil (\u0ba4\u0bae\u0bbf\u0bb4\u0bcd) where we use &#8220;zh&#8221; to represent \u0bb4\u0bcd, the strong l in the end. It is one of our future projects to provide an equivalent table for Tamil, also covering the rules under which Tamil letters change their sound.<\/p>\n<\/div>\n<div id=\"sdfootnote2\"><\/div>\n<div>\n<table width=\"511\" cellspacing=\"0\" cellpadding=\"5\">\n<colgroup>\n<col width=\"69\" \/>\n<col width=\"81\" \/>\n<col width=\"115\" \/>\n<col width=\"204\" \/> <\/colgroup>\n<thead>\n<tr valign=\"top\">\n<td bgcolor=\"#999999\" width=\"69\">Sanskrit<\/p>\n<p>(and Hindi)<\/td>\n<td bgcolor=\"#999999\" width=\"81\">Diacritial<\/td>\n<td bgcolor=\"#999999\" width=\"115\">Harvard-Kyoto (koyil.org)<\/td>\n<td bgcolor=\"#999999\" width=\"204\">\n<p lang=\"en-US\">Sound difference to basic letter (roughly)<\/p>\n<\/td>\n<\/tr>\n<\/thead>\n<tbody>\n<tr valign=\"top\">\n<td width=\"69\">\n<p lang=\"en-US\"><span lang=\"hi-IN\">\u0905<\/span><\/p>\n<\/td>\n<td width=\"81\">a<\/td>\n<td width=\"115\">a<\/td>\n<td width=\"204\"><\/td>\n<\/tr>\n<tr valign=\"top\">\n<td width=\"69\">\n<p lang=\"en-US\"><span lang=\"hi-IN\">\u0906<\/span><\/p>\n<\/td>\n<td width=\"81\">\u0101<\/td>\n<td width=\"115\">A<\/td>\n<td width=\"204\">long a<\/td>\n<\/tr>\n<tr valign=\"top\">\n<td width=\"69\">\n<p lang=\"en-US\"><span lang=\"hi-IN\">\u0907<\/span><\/p>\n<\/td>\n<td width=\"81\">i<\/td>\n<td width=\"115\">i<\/td>\n<td width=\"204\"><\/td>\n<\/tr>\n<tr valign=\"top\">\n<td width=\"69\">\n<p lang=\"en-US\"><span lang=\"hi-IN\">\u0908<\/span><\/p>\n<\/td>\n<td width=\"81\">\u012b<\/td>\n<td width=\"115\">I<\/td>\n<td width=\"204\">long i<\/td>\n<\/tr>\n<tr valign=\"top\">\n<td width=\"69\">\n<p lang=\"en-US\"><span lang=\"hi-IN\">\u0909<\/span><\/p>\n<\/td>\n<td width=\"81\">u<\/td>\n<td width=\"115\">u<\/td>\n<td width=\"204\"><\/td>\n<\/tr>\n<tr valign=\"top\">\n<td width=\"69\">\n<p lang=\"en-US\"><span lang=\"hi-IN\">\u090a<\/span><\/p>\n<\/td>\n<td width=\"81\">\u016b<\/td>\n<td width=\"115\">U<\/td>\n<td width=\"204\">long u<\/td>\n<\/tr>\n<tr valign=\"top\">\n<td width=\"69\">\n<p lang=\"en-US\"><span lang=\"hi-IN\">\u090f<\/span><\/p>\n<\/td>\n<td width=\"81\">e<\/td>\n<td width=\"115\">e<\/td>\n<td width=\"204\"><\/td>\n<\/tr>\n<tr valign=\"top\">\n<td width=\"69\">\n<p lang=\"en-US\"><span lang=\"hi-IN\">\u090b<\/span><\/p>\n<\/td>\n<td width=\"81\">\u1e5b<\/td>\n<td width=\"115\">R<\/td>\n<td width=\"204\">sound mix of r,i and u<\/td>\n<\/tr>\n<tr valign=\"top\">\n<td width=\"69\">\n<p lang=\"en-US\"><span lang=\"hi-IN\">\u0960<\/span><\/p>\n<\/td>\n<td width=\"81\">r\u0323\u0304<\/td>\n<td width=\"115\">RR<\/td>\n<td width=\"204\">ditto but long<\/td>\n<\/tr>\n<tr valign=\"top\">\n<td width=\"69\">\n<p lang=\"en-US\"><span lang=\"hi-IN\">\u090c<\/span><\/p>\n<\/td>\n<td width=\"81\">\u1e37<\/td>\n<td width=\"115\">lR<\/td>\n<td rowspan=\"2\" width=\"204\">special letter used vedic mantras<\/td>\n<\/tr>\n<tr valign=\"top\">\n<td width=\"69\">\n<p lang=\"en-US\"><span lang=\"hi-IN\">\u0961<\/span><\/p>\n<\/td>\n<td width=\"81\">l\u0323\u0304<\/td>\n<td width=\"115\">lRR<\/td>\n<\/tr>\n<tr valign=\"top\">\n<td width=\"69\">\n<p lang=\"en-US\"><span lang=\"hi-IN\">\u0910<\/span><\/p>\n<\/td>\n<td width=\"81\">ai<\/td>\n<td width=\"115\">ai<\/td>\n<td width=\"204\"><\/td>\n<\/tr>\n<tr valign=\"top\">\n<td width=\"69\">\n<p lang=\"en-US\"><span lang=\"hi-IN\">\u0913<\/span><\/p>\n<\/td>\n<td width=\"81\">o<\/td>\n<td width=\"115\">o<\/td>\n<td width=\"204\"><\/td>\n<\/tr>\n<tr valign=\"top\">\n<td width=\"69\">\n<p lang=\"en-US\"><span lang=\"hi-IN\">\u0914<\/span><\/p>\n<\/td>\n<td width=\"81\">au<\/td>\n<td width=\"115\">au<\/td>\n<td width=\"204\"><\/td>\n<\/tr>\n<tr valign=\"top\">\n<td width=\"69\">\n<p lang=\"en-US\"><span lang=\"hi-IN\">\u0905\u0902<\/span><\/p>\n<\/td>\n<td width=\"81\">\u1e43<\/td>\n<td width=\"115\">aM<\/td>\n<td rowspan=\"2\" width=\"204\">Sound depends on surrounding letters<\/td>\n<\/tr>\n<tr valign=\"top\">\n<td width=\"69\">\n<p lang=\"en-US\"><span lang=\"hi-IN\">\u0905\u0903<\/span><\/p>\n<\/td>\n<td width=\"81\">\u1e25<\/td>\n<td width=\"115\">aH, a:<\/td>\n<\/tr>\n<tr valign=\"top\">\n<td bgcolor=\"#eeeeee\" width=\"69\">\n<p lang=\"en-US\"><span lang=\"hi-IN\">\u0915<\/span><\/p>\n<\/td>\n<td bgcolor=\"#eeeeee\" width=\"81\">ka<\/td>\n<td bgcolor=\"#eeeeee\" width=\"115\">ka<\/td>\n<td bgcolor=\"#eeeeee\" width=\"204\"><\/td>\n<\/tr>\n<tr valign=\"top\">\n<td bgcolor=\"#eeeeee\" width=\"69\">\n<p lang=\"en-US\"><span lang=\"hi-IN\">\u0916<\/span><\/p>\n<\/td>\n<td bgcolor=\"#eeeeee\" width=\"81\">kha<\/td>\n<td bgcolor=\"#eeeeee\" width=\"115\">kha, ka<\/td>\n<td bgcolor=\"#eeeeee\" width=\"204\">aspirated<\/td>\n<\/tr>\n<tr valign=\"top\">\n<td bgcolor=\"#eeeeee\" width=\"69\">\n<p lang=\"en-US\"><span lang=\"hi-IN\">\u0917<\/span><\/p>\n<\/td>\n<td bgcolor=\"#eeeeee\" width=\"81\">ga<\/td>\n<td bgcolor=\"#eeeeee\" width=\"115\">ga<\/td>\n<td bgcolor=\"#eeeeee\" width=\"204\"><\/td>\n<\/tr>\n<tr valign=\"top\">\n<td bgcolor=\"#eeeeee\" width=\"69\">\n<p lang=\"en-US\"><span lang=\"hi-IN\">\u0918<\/span><\/p>\n<\/td>\n<td bgcolor=\"#eeeeee\" width=\"81\">gha<\/td>\n<td bgcolor=\"#eeeeee\" width=\"115\">gha<\/td>\n<td bgcolor=\"#eeeeee\" width=\"204\">\n<p lang=\"en-US\">aspirated<\/p>\n<\/td>\n<\/tr>\n<tr valign=\"top\">\n<td bgcolor=\"#eeeeee\" width=\"69\">\n<p lang=\"en-US\"><span lang=\"hi-IN\">\u0919<\/span><\/p>\n<\/td>\n<td bgcolor=\"#eeeeee\" width=\"81\">\u1e45a<\/td>\n<td bgcolor=\"#eeeeee\" width=\"115\">Ga, na<\/td>\n<td bgcolor=\"#eeeeee\" width=\"204\">\n<p lang=\"en-US\">slightly more emphasis<\/p>\n<\/td>\n<\/tr>\n<tr valign=\"top\">\n<td bgcolor=\"#eeeeee\" width=\"69\">\n<p lang=\"en-US\"><span lang=\"hi-IN\">\u091a<\/span><\/p>\n<\/td>\n<td bgcolor=\"#eeeeee\" width=\"81\">ca, cha<\/td>\n<td bgcolor=\"#eeeeee\" width=\"115\">ca, cha<\/td>\n<td bgcolor=\"#eeeeee\" width=\"204\"><\/td>\n<\/tr>\n<tr valign=\"top\">\n<td bgcolor=\"#eeeeee\" width=\"69\">\n<p lang=\"en-US\"><span lang=\"hi-IN\">\u091b<\/span><\/p>\n<\/td>\n<td bgcolor=\"#eeeeee\" width=\"81\">cha, chha<\/td>\n<td bgcolor=\"#eeeeee\" width=\"115\">cha, chha<\/td>\n<td bgcolor=\"#eeeeee\" width=\"204\">\n<p lang=\"en-US\">aspirated<\/p>\n<\/td>\n<\/tr>\n<tr valign=\"top\">\n<td bgcolor=\"#eeeeee\" width=\"69\">\n<p lang=\"en-US\"><span lang=\"hi-IN\">\u091c<\/span><\/p>\n<\/td>\n<td bgcolor=\"#eeeeee\" width=\"81\">ja<\/td>\n<td bgcolor=\"#eeeeee\" width=\"115\">ja<\/td>\n<td bgcolor=\"#eeeeee\" width=\"204\"><\/td>\n<\/tr>\n<tr valign=\"top\">\n<td bgcolor=\"#eeeeee\" width=\"69\">\n<p lang=\"en-US\"><span lang=\"hi-IN\">\u091d<\/span><\/p>\n<\/td>\n<td bgcolor=\"#eeeeee\" width=\"81\">jha<\/td>\n<td bgcolor=\"#eeeeee\" width=\"115\">jha<\/td>\n<td bgcolor=\"#eeeeee\" width=\"204\">\n<p lang=\"en-US\">aspirated<\/p>\n<\/td>\n<\/tr>\n<tr valign=\"top\">\n<td bgcolor=\"#eeeeee\" width=\"69\">\n<p lang=\"en-US\"><span lang=\"hi-IN\">\u091e<\/span><\/p>\n<\/td>\n<td bgcolor=\"#eeeeee\" width=\"81\">\u00f1a<\/td>\n<td bgcolor=\"#eeeeee\" width=\"115\">Ja, Ga<\/td>\n<td bgcolor=\"#eeeeee\" width=\"204\">\n<p lang=\"en-US\">more emphasis<\/p>\n<\/td>\n<\/tr>\n<tr valign=\"top\">\n<td bgcolor=\"#eeeeee\" width=\"69\">\n<p lang=\"en-US\"><span lang=\"hi-IN\">\u091f<\/span><\/p>\n<\/td>\n<td bgcolor=\"#eeeeee\" width=\"81\">\u1e6da<\/td>\n<td bgcolor=\"#eeeeee\" width=\"115\">Ta<\/td>\n<td bgcolor=\"#eeeeee\" width=\"204\">\n<p lang=\"en-US\">\u201cclosed\u201d, less emphasis<\/p>\n<\/td>\n<\/tr>\n<tr valign=\"top\">\n<td bgcolor=\"#eeeeee\" width=\"69\">\n<p lang=\"en-US\"><span lang=\"hi-IN\">\u0920<\/span><\/p>\n<\/td>\n<td bgcolor=\"#eeeeee\" width=\"81\">\u1e6dha<\/td>\n<td bgcolor=\"#eeeeee\" width=\"115\">Tha<\/td>\n<td bgcolor=\"#eeeeee\" width=\"204\">\n<p lang=\"en-US\">\u201cclosed\u201d, aspirated<\/p>\n<\/td>\n<\/tr>\n<tr valign=\"top\">\n<td bgcolor=\"#eeeeee\" width=\"69\">\n<p lang=\"en-US\"><span lang=\"hi-IN\">\u0921<\/span><\/p>\n<\/td>\n<td bgcolor=\"#eeeeee\" width=\"81\">\u1e0da<\/td>\n<td bgcolor=\"#eeeeee\" width=\"115\">Da<\/td>\n<td bgcolor=\"#eeeeee\" width=\"204\">\n<p lang=\"en-US\">\u201cclosed\u201d, less emphasis<\/p>\n<\/td>\n<\/tr>\n<tr valign=\"top\">\n<td bgcolor=\"#eeeeee\" width=\"69\">\n<p lang=\"en-US\"><span lang=\"hi-IN\">\u0922<\/span><\/p>\n<\/td>\n<td bgcolor=\"#eeeeee\" width=\"81\">\u1e0dha<\/td>\n<td bgcolor=\"#eeeeee\" width=\"115\">Dha<\/td>\n<td bgcolor=\"#eeeeee\" width=\"204\">\n<p lang=\"en-US\">\u201cclosed\u201d, aspirated<\/p>\n<\/td>\n<\/tr>\n<tr valign=\"top\">\n<td bgcolor=\"#eeeeee\" width=\"69\">\n<p lang=\"en-US\"><span lang=\"hi-IN\">\u0923<\/span><\/p>\n<\/td>\n<td bgcolor=\"#eeeeee\" width=\"81\">\u1e47a<\/td>\n<td bgcolor=\"#eeeeee\" width=\"115\">Na<\/td>\n<td bgcolor=\"#eeeeee\" width=\"204\">\n<p lang=\"en-US\">\u201ccloses\u201d, more emphasis<\/p>\n<\/td>\n<\/tr>\n<tr valign=\"top\">\n<td bgcolor=\"#eeeeee\" width=\"69\">\n<p lang=\"en-US\"><span lang=\"hi-IN\">\u0924<\/span><\/p>\n<\/td>\n<td bgcolor=\"#eeeeee\" width=\"81\">ta<\/td>\n<td bgcolor=\"#eeeeee\" width=\"115\">ta<\/td>\n<td bgcolor=\"#eeeeee\" width=\"204\"><\/td>\n<\/tr>\n<tr valign=\"top\">\n<td bgcolor=\"#eeeeee\" width=\"69\">\n<p lang=\"en-US\"><span lang=\"hi-IN\">\u0925<\/span><\/p>\n<\/td>\n<td bgcolor=\"#eeeeee\" width=\"81\">tha<\/td>\n<td bgcolor=\"#eeeeee\" width=\"115\">tha<\/td>\n<td bgcolor=\"#eeeeee\" width=\"204\">aspirated<\/td>\n<\/tr>\n<tr valign=\"top\">\n<td bgcolor=\"#eeeeee\" width=\"69\">\n<p lang=\"en-US\"><span lang=\"hi-IN\">\u0926<\/span><\/p>\n<\/td>\n<td bgcolor=\"#eeeeee\" width=\"81\">da<\/td>\n<td bgcolor=\"#eeeeee\" width=\"115\">da<\/td>\n<td bgcolor=\"#eeeeee\" width=\"204\"><\/td>\n<\/tr>\n<tr valign=\"top\">\n<td bgcolor=\"#eeeeee\" width=\"69\">\n<p lang=\"en-US\"><span lang=\"hi-IN\">\u0927<\/span><\/p>\n<\/td>\n<td bgcolor=\"#eeeeee\" width=\"81\">dha<\/td>\n<td bgcolor=\"#eeeeee\" width=\"115\">dha<\/td>\n<td bgcolor=\"#eeeeee\" width=\"204\">aspirated<\/td>\n<\/tr>\n<tr valign=\"top\">\n<td bgcolor=\"#eeeeee\" width=\"69\">\n<p lang=\"en-US\"><span lang=\"hi-IN\">\u0928<\/span><\/p>\n<\/td>\n<td bgcolor=\"#eeeeee\" width=\"81\">na<\/td>\n<td bgcolor=\"#eeeeee\" width=\"115\">na<\/td>\n<td bgcolor=\"#eeeeee\" width=\"204\"><\/td>\n<\/tr>\n<tr valign=\"top\">\n<td bgcolor=\"#eeeeee\" width=\"69\">\n<p lang=\"en-US\"><span lang=\"hi-IN\">\u092a<\/span><\/p>\n<\/td>\n<td bgcolor=\"#eeeeee\" width=\"81\">pa<\/td>\n<td bgcolor=\"#eeeeee\" width=\"115\">pa<\/td>\n<td bgcolor=\"#eeeeee\" width=\"204\"><\/td>\n<\/tr>\n<tr valign=\"top\">\n<td bgcolor=\"#eeeeee\" width=\"69\">\n<p lang=\"en-US\"><span lang=\"hi-IN\">\u092b<\/span><\/p>\n<\/td>\n<td bgcolor=\"#eeeeee\" width=\"81\">pha<\/td>\n<td bgcolor=\"#eeeeee\" width=\"115\">pha, pa<\/td>\n<td bgcolor=\"#eeeeee\" width=\"204\">aspirated<\/td>\n<\/tr>\n<tr valign=\"top\">\n<td bgcolor=\"#eeeeee\" width=\"69\">\n<p lang=\"en-US\"><span lang=\"hi-IN\">\u092c<\/span><\/p>\n<\/td>\n<td bgcolor=\"#eeeeee\" width=\"81\">ba<\/td>\n<td bgcolor=\"#eeeeee\" width=\"115\">ba<\/td>\n<td bgcolor=\"#eeeeee\" width=\"204\"><\/td>\n<\/tr>\n<tr valign=\"top\">\n<td bgcolor=\"#eeeeee\" width=\"69\">\n<p lang=\"en-US\"><span lang=\"hi-IN\">\u092d<\/span><\/p>\n<\/td>\n<td bgcolor=\"#eeeeee\" width=\"81\">bha<\/td>\n<td bgcolor=\"#eeeeee\" width=\"115\">bha<\/td>\n<td bgcolor=\"#eeeeee\" width=\"204\">aspirated<\/td>\n<\/tr>\n<tr valign=\"top\">\n<td bgcolor=\"#eeeeee\" width=\"69\">\n<p lang=\"en-US\"><span lang=\"hi-IN\">\u092e<\/span><\/p>\n<\/td>\n<td bgcolor=\"#eeeeee\" width=\"81\">ma<\/td>\n<td bgcolor=\"#eeeeee\" width=\"115\">ma<\/td>\n<td bgcolor=\"#eeeeee\" width=\"204\"><\/td>\n<\/tr>\n<tr valign=\"top\">\n<td bgcolor=\"#eeeeee\" width=\"69\">\n<p lang=\"en-US\"><span lang=\"hi-IN\">\u092f<\/span><\/p>\n<\/td>\n<td bgcolor=\"#eeeeee\" width=\"81\">ya<\/td>\n<td bgcolor=\"#eeeeee\" width=\"115\">ya<\/td>\n<td bgcolor=\"#eeeeee\" width=\"204\"><\/td>\n<\/tr>\n<tr valign=\"top\">\n<td bgcolor=\"#eeeeee\" width=\"69\">\n<p lang=\"en-US\"><span lang=\"hi-IN\">\u0930<\/span><\/p>\n<\/td>\n<td bgcolor=\"#eeeeee\" width=\"81\">ra<\/td>\n<td bgcolor=\"#eeeeee\" width=\"115\">ra<\/td>\n<td bgcolor=\"#eeeeee\" width=\"204\"><\/td>\n<\/tr>\n<tr valign=\"top\">\n<td bgcolor=\"#eeeeee\" width=\"69\">\n<p lang=\"en-US\"><span lang=\"hi-IN\">\u0932<\/span><\/p>\n<\/td>\n<td bgcolor=\"#eeeeee\" width=\"81\">la<\/td>\n<td bgcolor=\"#eeeeee\" width=\"115\">la<\/td>\n<td bgcolor=\"#eeeeee\" width=\"204\"><\/td>\n<\/tr>\n<tr valign=\"top\">\n<td bgcolor=\"#eeeeee\" width=\"69\">\n<p lang=\"en-US\"><span lang=\"hi-IN\">\u0935<\/span><\/p>\n<\/td>\n<td bgcolor=\"#eeeeee\" width=\"81\">va<\/td>\n<td bgcolor=\"#eeeeee\" width=\"115\">va<\/td>\n<td bgcolor=\"#eeeeee\" width=\"204\"><\/td>\n<\/tr>\n<tr valign=\"top\">\n<td bgcolor=\"#eeeeee\" width=\"69\">\n<p lang=\"en-US\"><span lang=\"hi-IN\">\u0936<\/span><\/p>\n<\/td>\n<td bgcolor=\"#eeeeee\" width=\"81\">\u015ba<\/td>\n<td bgcolor=\"#eeeeee\" width=\"115\">Za, Sa<\/td>\n<td bgcolor=\"#eeeeee\" width=\"204\">like sch in German<\/td>\n<\/tr>\n<tr valign=\"top\">\n<td bgcolor=\"#eeeeee\" width=\"69\">\n<p lang=\"en-US\"><span lang=\"hi-IN\">\u0937<\/span><\/p>\n<\/td>\n<td bgcolor=\"#eeeeee\" width=\"81\">\u1e63a<\/td>\n<td bgcolor=\"#eeeeee\" width=\"115\">Sa, sha<\/td>\n<td bgcolor=\"#eeeeee\" width=\"204\">ditto, but less emphasis<\/td>\n<\/tr>\n<tr valign=\"top\">\n<td bgcolor=\"#eeeeee\" width=\"69\">\n<p lang=\"en-US\"><span lang=\"hi-IN\">\u0938<\/span><\/p>\n<\/td>\n<td bgcolor=\"#eeeeee\" width=\"81\">sa<\/td>\n<td bgcolor=\"#eeeeee\" width=\"115\">sa<\/td>\n<td bgcolor=\"#eeeeee\" width=\"204\"><\/td>\n<\/tr>\n<tr valign=\"top\">\n<td bgcolor=\"#eeeeee\" width=\"69\">\n<p lang=\"en-US\"><span lang=\"hi-IN\">\u0939<\/span><\/p>\n<\/td>\n<td bgcolor=\"#eeeeee\" width=\"81\">ha<\/td>\n<td bgcolor=\"#eeeeee\" width=\"115\">ha<\/td>\n<td bgcolor=\"#eeeeee\" width=\"204\"><\/td>\n<\/tr>\n<\/tbody>\n<\/table>\n<p align=\"justify\"><span lang=\"en-US\">The letters with a grey background <\/span><span lang=\"en-US\">are consonants. If <\/span><span lang=\"en-US\">pronounced<\/span> <span lang=\"en-US\">separately or without being followed by a vowel<\/span><span lang=\"en-US\">, an \u201ca\u201d is added. <\/span><span lang=\"en-US\">For example, <\/span><span lang=\"en-US\">the well know Hare Krishna mantra contains the word \u201chare\u201d. <\/span><span lang=\"en-US\">The Devanagari is<\/span> <span lang=\"hi-IN\">\u0939\u0930\u0947<\/span><span lang=\"en-US\">. The first letter is easily found <\/span><span lang=\"en-US\">in the table <\/span><span lang=\"en-US\">above meaning \u201cha\u201d. However, &#8220;hi&#8221; would be written as \u0939\u0940 &#8211; so in actuality, \u0939 means just &#8220;h&#8221;. The second letter is a combination of \u201cr\u201d and \u201ce\u201d (the line on top <\/span><span lang=\"en-US\">of the \u201cr\u201d <\/span><span lang=\"en-US\">means \u201ce\u201d). So, if we just look at the letters, we actually read &#8220;hre&#8221; &#8211; but because the &#8220;a&#8221; is automatically added after the &#8220;h&#8221; if no other vowel follows, <\/span><span lang=\"en-US\">it is actually \u201chare\u201d.<\/span><\/p>\n<p align=\"justify\"><span lang=\"en-US\"> R<\/span><span lang=\"en-US\">eaders wanting to learn the exact pronunciation of Sanskrit may start with a series of Youtube videos by Conan Mishler beginning with this video:<\/span><\/p>\n<p align=\"left\"><a href=\"https:\/\/www.youtube.com\/watch?v=WIAJ8QOIVlk\"><span lang=\"en-US\">https:\/\/www.youtube.com\/watch?v=WIAJ8QOIVlk <\/span><\/a><\/p>\n<p align=\"left\"><img loading=\"lazy\" decoding=\"async\" class=\"alignnone wp-image-771\" src=\"https:\/\/srivaishnavagranthams.files.wordpress.com\/2018\/03\/sign1.png\" alt=\"Sign\" width=\"372\" height=\"156\" \/><\/p>\n<p>Adiyen M\u0101dhava R\u0101m\u0101nuja Dasan<\/p>\n<p>archived in <a href=\"https:\/\/koyil.org\">https:\/\/koyil.org<\/a><\/p>\n<p>pram\u0113yam (goal) \u2013 <a href=\"https:\/\/koyil.org\/\" target=\"_blank\" rel=\"noopener\">https:\/\/koyil.org\/<\/a><br \/>\npram\u0101\u1e47am (scriptures) \u2013 <a href=\"http:\/\/granthams.koyil.org\" target=\"_blank\" rel=\"noopener\">http:\/\/granthams.koyil.org<\/a><br \/>\npram\u0101th\u0101 (preceptors) \u2013 <a href=\"http:\/\/acharyas.koyil.org\" target=\"_blank\" rel=\"noopener\">http:\/\/acharyas.koyil.org<\/a><br \/>\n\u015ar\u012bVai\u1e63\u1e47ava education\/kids portal \u2013 <a href=\"http:\/\/pillai.koyil.org\" target=\"_blank\" rel=\"noopener\">http:\/\/pillai.koyil.org<\/a><\/p>\n<\/div>\n","protected":false},"excerpt":{"rendered":"<p>\u015ar\u012b\u1e25 \u015ar\u012bmath\u0113 \u015batak\u014dp\u0101ya nama\u1e25 \u015ar\u012bmath\u0113 r\u0101m\u0101nuj\u0101ya nama\u1e25 \u015ar\u012bmath varavaramunay\u0113 nama\u1e25 \u015ar\u012b v\u0101n\u0101chala mah\u0101munay\u0113 nama\u1e25 How we write down Sanskrit words Is is probably well known that the script that is traditionally used to write down Sanskrit (called Devanagari) has nearly twice as many letters than the Roman alphabet used to write European languages. To transliterate &#8230; <a title=\"Transliteration\/Pronunciation Guide\" class=\"read-more\" href=\"https:\/\/koyil.org\/index.php\/transliteration-pronunciation-guide\/\" aria-label=\"Read more about Transliteration\/Pronunciation Guide\">Read more<\/a><\/p>\n","protected":false},"author":2,"featured_media":0,"parent":0,"menu_order":0,"comment_status":"closed","ping_status":"closed","template":"","meta":{"footnotes":""},"class_list":["post-3966","page","type-page","status-publish"],"_links":{"self":[{"href":"https:\/\/koyil.org\/index.php\/wp-json\/wp\/v2\/pages\/3966","targetHints":{"allow":["GET"]}}],"collection":[{"href":"https:\/\/koyil.org\/index.php\/wp-json\/wp\/v2\/pages"}],"about":[{"href":"https:\/\/koyil.org\/index.php\/wp-json\/wp\/v2\/types\/page"}],"author":[{"embeddable":true,"href":"https:\/\/koyil.org\/index.php\/wp-json\/wp\/v2\/users\/2"}],"replies":[{"embeddable":true,"href":"https:\/\/koyil.org\/index.php\/wp-json\/wp\/v2\/comments?post=3966"}],"version-history":[{"count":0,"href":"https:\/\/koyil.org\/index.php\/wp-json\/wp\/v2\/pages\/3966\/revisions"}],"wp:attachment":[{"href":"https:\/\/koyil.org\/index.php\/wp-json\/wp\/v2\/media?parent=3966"}],"curies":[{"name":"wp","href":"https:\/\/api.w.org\/{rel}","templated":true}]}}